{"id":11188756,"date":"2022-01-20T11:25:54","date_gmt":"2022-01-20T11:25:54","guid":{"rendered":"https:\/\/www.mbeerlage.goedgehost.nl\/?page_id=11188756"},"modified":"2022-06-04T11:51:18","modified_gmt":"2022-06-04T11:51:18","slug":"ultimate-fibre","status":"publish","type":"page","link":"https:\/\/www.mbeerlage.goedgehost.nl\/index.php\/ultimate-fibre\/","title":{"rendered":"Ultimate Fibre"},"content":{"rendered":"<style>\/*! elementor - v3.5.6 - 28-02-2022 *\/\n.elementor-widget-image{text-align:center}.elementor-widget-image a{display:inline-block}.elementor-widget-image a img[src$=\".svg\"]{width:48px}.elementor-widget-image img{vertical-align:middle;display:inline-block}<\/style>\n<figure>\n\t\t\t\t\t\t\t\t\t\t<img width=\"697\" height=\"182\" src=\"https:\/\/www.mbeerlage.goedgehost.nl\/wp-content\/uploads\/2022\/01\/belly-3186730_1920-1920x500-1.jpg\" alt=\"\" loading=\"lazy\" srcset=\"https:\/\/www.mbeerlage.goedgehost.nl\/wp-content\/uploads\/2022\/01\/belly-3186730_1920-1920x500-1.jpg 1920w, https:\/\/www.mbeerlage.goedgehost.nl\/wp-content\/uploads\/2022\/01\/belly-3186730_1920-1920x500-1-300x78.jpg 300w, https:\/\/www.mbeerlage.goedgehost.nl\/wp-content\/uploads\/2022\/01\/belly-3186730_1920-1920x500-1-1024x267.jpg 1024w, https:\/\/www.mbeerlage.goedgehost.nl\/wp-content\/uploads\/2022\/01\/belly-3186730_1920-1920x500-1-768x200.jpg 768w, https:\/\/www.mbeerlage.goedgehost.nl\/wp-content\/uploads\/2022\/01\/belly-3186730_1920-1920x500-1-1536x400.jpg 1536w, https:\/\/www.mbeerlage.goedgehost.nl\/wp-content\/uploads\/2022\/01\/belly-3186730_1920-1920x500-1-228x59.jpg 228w\" sizes=\"(max-width: 697px) 100vw, 697px\" \/><figcaption>Maak van Qenda Ultimate Fibre de beste vriend van uw lichaam, uw darmen zullen dankbaar zijn<\/figcaption><\/figure>\n<style>\/*! elementor - v3.5.6 - 28-02-2022 *\/\n.elementor-heading-title{padding:0;margin:0;line-height:1}.elementor-widget-heading .elementor-heading-title[class*=elementor-size-]>a{color:inherit;font-size:inherit;line-height:inherit}.elementor-widget-heading .elementor-heading-title.elementor-size-small{font-size:15px}.elementor-widget-heading .elementor-heading-title.elementor-size-medium{font-size:19px}.elementor-widget-heading .elementor-heading-title.elementor-size-large{font-size:29px}.elementor-widget-heading .elementor-heading-title.elementor-size-xl{font-size:39px}.elementor-widget-heading .elementor-heading-title.elementor-size-xxl{font-size:59px}<\/style>\n<h2>Ultimate Fibre is uitermate geschikt bij:<\/h2>\n<style>\/*! elementor - v3.5.6 - 28-02-2022 *\/\n.elementor-widget.elementor-icon-list--layout-inline .elementor-widget-container{overflow:hidden}.elementor-widget .elementor-icon-list-items.elementor-inline-items{margin-right:-8px;margin-left:-8px}.elementor-widget .elementor-icon-list-items.elementor-inline-items .elementor-icon-list-item{margin-right:8px;margin-left:8px}.elementor-widget .elementor-icon-list-items.elementor-inline-items .elementor-icon-list-item:after{width:auto;left:auto;right:auto;position:relative;height:100%;border-top:0;border-bottom:0;border-right:0;border-left-width:1px;border-style:solid;right:-8px}.elementor-widget .elementor-icon-list-items{list-style-type:none;margin:0;padding:0}.elementor-widget .elementor-icon-list-item{margin:0;padding:0;position:relative}.elementor-widget .elementor-icon-list-item:after{position:absolute;bottom:0;width:100%}.elementor-widget .elementor-icon-list-item,.elementor-widget .elementor-icon-list-item a{display:-webkit-box;display:-ms-flexbox;display:flex;-webkit-box-align:center;-ms-flex-align:center;align-items:center;font-size:inherit}.elementor-widget .elementor-icon-list-icon+.elementor-icon-list-text{-ms-flex-item-align:center;align-self:center;padding-left:5px}.elementor-widget .elementor-icon-list-icon{display:-webkit-box;display:-ms-flexbox;display:flex}.elementor-widget .elementor-icon-list-icon svg{width:var(--e-icon-list-icon-size,1em);height:var(--e-icon-list-icon-size,1em)}.elementor-widget .elementor-icon-list-icon i{width:1.25em;font-size:var(--e-icon-list-icon-size)}.elementor-widget.elementor-widget-icon-list .elementor-icon-list-icon{text-align:var(--e-icon-list-icon-align)}.elementor-widget.elementor-widget-icon-list .elementor-icon-list-icon svg{margin:var(--e-icon-list-icon-margin,0 calc(var(--e-icon-list-icon-size, 1em) * .25) 0 0)}.elementor-widget.elementor-list-item-link-full_width a{width:100%}.elementor-widget.elementor-align-center .elementor-icon-list-item,.elementor-widget.elementor-align-center .elementor-icon-list-item a{-webkit-box-pack:center;-ms-flex-pack:center;justify-content:center}.elementor-widget.elementor-align-center .elementor-icon-list-item:after{margin:auto}.elementor-widget.elementor-align-center .elementor-inline-items{-webkit-box-pack:center;-ms-flex-pack:center;justify-content:center}.elementor-widget.elementor-align-left .elementor-icon-list-item,.elementor-widget.elementor-align-left .elementor-icon-list-item a{-webkit-box-pack:start;-ms-flex-pack:start;justify-content:flex-start;text-align:left}.elementor-widget.elementor-align-left .elementor-inline-items{-webkit-box-pack:start;-ms-flex-pack:start;justify-content:flex-start}.elementor-widget.elementor-align-right .elementor-icon-list-item,.elementor-widget.elementor-align-right .elementor-icon-list-item a{-webkit-box-pack:end;-ms-flex-pack:end;justify-content:flex-end;text-align:right}.elementor-widget.elementor-align-right .elementor-icon-list-items{-webkit-box-pack:end;-ms-flex-pack:end;justify-content:flex-end}.elementor-widget:not(.elementor-align-right) .elementor-icon-list-item:after{left:0}.elementor-widget:not(.elementor-align-left) .elementor-icon-list-item:after{right:0}@media (max-width:1024px){.elementor-widget.elementor-tablet-align-center .elementor-icon-list-item,.elementor-widget.elementor-tablet-align-center .elementor-icon-list-item a,.elementor-widget.elementor-tablet-align-center .elementor-icon-list-items{-webkit-box-pack:center;-ms-flex-pack:center;justify-content:center}.elementor-widget.elementor-tablet-align-center .elementor-icon-list-item:after{margin:auto}.elementor-widget.elementor-tablet-align-left .elementor-icon-list-items{-webkit-box-pack:start;-ms-flex-pack:start;justify-content:flex-start}.elementor-widget.elementor-tablet-align-left .elementor-icon-list-item,.elementor-widget.elementor-tablet-align-left .elementor-icon-list-item a{-webkit-box-pack:start;-ms-flex-pack:start;justify-content:flex-start;text-align:left}.elementor-widget.elementor-tablet-align-right .elementor-icon-list-items{-webkit-box-pack:end;-ms-flex-pack:end;justify-content:flex-end}.elementor-widget.elementor-tablet-align-right .elementor-icon-list-item,.elementor-widget.elementor-tablet-align-right .elementor-icon-list-item a{-webkit-box-pack:end;-ms-flex-pack:end;justify-content:flex-end;text-align:right}.elementor-widget:not(.elementor-tablet-align-right) .elementor-icon-list-item:after{left:0}.elementor-widget:not(.elementor-tablet-align-left) .elementor-icon-list-item:after{right:0}}@media (max-width:767px){.elementor-widget.elementor-mobile-align-center .elementor-icon-list-item,.elementor-widget.elementor-mobile-align-center .elementor-icon-list-item a,.elementor-widget.elementor-mobile-align-center .elementor-icon-list-items{-webkit-box-pack:center;-ms-flex-pack:center;justify-content:center}.elementor-widget.elementor-mobile-align-center .elementor-icon-list-item:after{margin:auto}.elementor-widget.elementor-mobile-align-left .elementor-icon-list-items{-webkit-box-pack:start;-ms-flex-pack:start;justify-content:flex-start}.elementor-widget.elementor-mobile-align-left .elementor-icon-list-item,.elementor-widget.elementor-mobile-align-left .elementor-icon-list-item a{-webkit-box-pack:start;-ms-flex-pack:start;justify-content:flex-start;text-align:left}.elementor-widget.elementor-mobile-align-right .elementor-icon-list-items{-webkit-box-pack:end;-ms-flex-pack:end;justify-content:flex-end}.elementor-widget.elementor-mobile-align-right .elementor-icon-list-item,.elementor-widget.elementor-mobile-align-right .elementor-icon-list-item a{-webkit-box-pack:end;-ms-flex-pack:end;justify-content:flex-end;text-align:right}.elementor-widget:not(.elementor-mobile-align-right) .elementor-icon-list-item:after{left:0}.elementor-widget:not(.elementor-mobile-align-left) .elementor-icon-list-item:after{right:0}}<\/style>\n<ul>\n<li>\n\t\t\t\t\t\t\t\t\t\tHyper Permeabele darm (lekkende darm)\n\t\t\t\t\t\t\t\t\t<\/li>\n<li>\n\t\t\t\t\t\t\t\t\t\tvoedsel overgevoeligheden\n\t\t\t\t\t\t\t\t\t<\/li>\n<li>\n\t\t\t\t\t\t\t\t\t\t(laaggradige) ontstekingen\n\t\t\t\t\t\t\t\t\t<\/li>\n<li>\n\t\t\t\t\t\t\t\t\t\tspijsverteringsproblemen\n\t\t\t\t\t\t\t\t\t<\/li>\n<li>\n\t\t\t\t\t\t\t\t\t\thuidproblemen\n\t\t\t\t\t\t\t\t\t<\/li>\n<li>\n\t\t\t\t\t\t\t\t\t\tschimmel overgroei (b.v. candida)\n\t\t\t\t\t\t\t\t\t<\/li>\n<li>\n\t\t\t\t\t\t\t\t\t\tweinig diepe slaap\n\t\t\t\t\t\t\t\t\t<\/li>\n<li>\n\t\t\t\t\t\t\t\t\t\tgebrek aan energie\n\t\t\t\t\t\t\t\t\t<\/li>\n<\/ul>\n<style>\/*! elementor - v3.5.6 - 28-02-2022 *\/\n.elementor-widget-image-box .elementor-image-box-content{width:100%}@media (min-width:768px){.elementor-widget-image-box.elementor-position-left .elementor-image-box-wrapper,.elementor-widget-image-box.elementor-position-right .elementor-image-box-wrapper{display:-webkit-box;display:-ms-flexbox;display:flex}.elementor-widget-image-box.elementor-position-right .elementor-image-box-wrapper{text-align:right;-webkit-box-orient:horizontal;-webkit-box-direction:reverse;-ms-flex-direction:row-reverse;flex-direction:row-reverse}.elementor-widget-image-box.elementor-position-left .elementor-image-box-wrapper{text-align:left;-webkit-box-orient:horizontal;-webkit-box-direction:normal;-ms-flex-direction:row;flex-direction:row}.elementor-widget-image-box.elementor-position-top .elementor-image-box-img{margin:auto}.elementor-widget-image-box.elementor-vertical-align-top .elementor-image-box-wrapper{-webkit-box-align:start;-ms-flex-align:start;align-items:flex-start}.elementor-widget-image-box.elementor-vertical-align-middle .elementor-image-box-wrapper{-webkit-box-align:center;-ms-flex-align:center;align-items:center}.elementor-widget-image-box.elementor-vertical-align-bottom .elementor-image-box-wrapper{-webkit-box-align:end;-ms-flex-align:end;align-items:flex-end}}@media (max-width:767px){.elementor-widget-image-box .elementor-image-box-img{margin-left:auto!important;margin-right:auto!important;margin-bottom:15px}}.elementor-widget-image-box .elementor-image-box-img{display:inline-block}.elementor-widget-image-box .elementor-image-box-title a{color:inherit}.elementor-widget-image-box .elementor-image-box-wrapper{text-align:center}.elementor-widget-image-box .elementor-image-box-description{margin:0}<\/style>\n<figure><img width=\"100\" height=\"100\" src=\"https:\/\/www.mbeerlage.goedgehost.nl\/wp-content\/uploads\/2022\/01\/James-e1642771175754.jpg\" alt=\"\" loading=\"lazy\" \/><\/figure>\n<h3>Het Verhaal van James<\/h3>\n<p>Dit geweldige gezondheidsvoedingsproduct &#8211; Qenda Ultimate Fibre is misschien wel het antwoord dat je nodig hebt.<br \/>\nTerwijl ik 5 jaar leed aan een auto-immuunziekte en spijsverteringsproblemen, heb ik heel veel onderzoek gedaan naar en geleerd over het menselijk lichaam. Ik ontdekte de grondoorzaken van mijn &#8216;ziekte&#8217; en ben verheugd te kunnen melden dat Ik niet langer aan een auto-immuunziekte of spijsverteringsproblemen lijdt.<br \/>\nDe fysieke pijn van interne ontsteking, vermoeidheid en de mentale angst van verstoorde slaappatronen waar ik mee te maken had waren verschrikkelijk. Na het proberen van de medische route (met goedbedoelde medische professionals) wist ik dat mijn opties voor langdurige medicatie of chirurgie de symptomen niet volledig zouden uitroeien of mij mijn leven terug zouden geven. Lees het hele verhaal door hieronder op zijn naam te klikken.<br \/>\nZie je overeenkomsten bij jezelf? Lijd je zoals ik deed? Vraag jezelf af, waarom? Ik denk dat je wel weet dat het anders moet kunnen. Of misschien ben je al een gezondheidsbewuste persoon die gewoon die vervelende gifstoffen en parasieten uit je darmen wil houden?<br \/>\nHoe dan ook, u hoeft niet te lijden! Ultimate Fibre en eenvoudige levensveranderingen, kunnen u helpen gezondere resultaten te geven. Ook jij kunt leren over het lekkende darmsyndroom, parasieten en andere oorzaken die kunnen leiden tot ongemak in het lichaam. Leefff kan je ook helpen om op een natuurlijke en holistische manieren je leven te verbeteren.\n<\/p>\n<p>\t\t\t<a href=\"https:\/\/theguthealthhub.com\/pages\/about-us\" role=\"button\"><br \/>\n\t\t\t\t\t\tJames Cook Coulson<br \/>\n\t\t\t\t\t<\/a><\/p>\n<figure><img width=\"697\" height=\"433\" src=\"https:\/\/www.mbeerlage.goedgehost.nl\/wp-content\/uploads\/2022\/01\/mint-1405613_1280-4-700x435-1.jpg\" alt=\"\" loading=\"lazy\" \/><\/figure>\n<h3>Ultimate FIbre bevat een krachtige combinatie van premium vezelrijke kruiden bevat.<\/h3>\n<p>\u2022\tUitstekende organische bron van voedingsvezels<br \/>\n\u2022\tVoedingsvezels ondersteunen een regelmatige stoelgang<br \/>\n\u2022\tEen dag dosering levert 40% van de aanbevolen dagelijkse hoeveelheid voor voedingsvezels<br \/>\n\u2022\t100% gecertificeerde biologische en wild geplukte ingredi\u00ebnten<br \/>\n\u2022\tBevat premium adaptogene kruiden<br \/>\n\u2022\tG\u00e9\u00e9n-GMO-ingredi\u00ebnten<br \/>\n\u2022\tVEGAN<br \/>\n\u2022\tGlutenvrije Ultimate Fibre is een goede bron van ijzer\n<\/p>\n<figure><img width=\"697\" height=\"433\" src=\"https:\/\/www.mbeerlage.goedgehost.nl\/wp-content\/uploads\/2022\/01\/mint-1405613_1280-1-700x435-1.jpg\" alt=\"\" loading=\"lazy\" \/><\/figure>\n<h3>Ultimate Fibre is een goede bron van ijzer.<\/h3>\n<p>.De dagelijkse dosering overschrijdt 50% van de aanbevolen dagelijkse hoeveelheid voor ijzer.<br \/>\nIJzer is:<br \/>\n\u2022 Noodzakelijk voor een normale functie van het immuunsysteem<br \/>\n\u2022 Noodzakelijk voor normale celdeling<br \/>\n\u2022 Noodzakelijk voor normale bloedvorming<br \/>\n\u2022 Noodzakelijk voor normale energieproductie<br \/>\n\u2022 Draagt bij tot de normale cognitieve functie<br \/>\n\u2022 Draagt bij aan het verminderen van energiegebrek en vermoeidheid<br \/>\n\u2022 Noodzakelijk voor normaal zuurstoftransport<br \/>\n<\/p>\n<figure><img width=\"700\" height=\"435\" src=\"https:\/\/www.mbeerlage.goedgehost.nl\/wp-content\/uploads\/2022\/01\/mint-1405613_1280-3-700x435-1.jpg\" alt=\"\" loading=\"lazy\" \/><\/figure>\n<h3>Gecertificeerde biologische en natuurlijke ingredi\u00ebnten<\/h3>\n<p>Qenda Ultimate Fibre bevat de volgende gecertificeerde biologische en in de natuur vervaardigde ingredi\u00ebnten uit de natuur:<br \/>\nPsylliumvezels, Zwarte Walnoot, Hibiscus Sabdariffa, Zoethoutwortel, Paardenstaart, Rozebottel, Haverstro, Gladde iepenschors, Cascara-schors, Heemstwortel, Kaneel Verum schors, Ierse mos, Yuccawortel, Turkse rabarber (Rheum Palmatum), Chlorella Vulgaris, Kurkuma, blaaswier, Astragalus Membranaceus-wortel, Ashwagandhawortel, moerasspirea, Berberisschors, Paardebloemwortel, Alsem, Blauw glidkruid(Scutellaria Lateriflora), Venkelzaad, Passiebloem (Passiflora Incarnata), Koningskaars, Violet blad, Pawpaw blad, Kruidnagel, (Biologische Aardbeiensmaak of biologische chocoladesmaak en Zoetstof (Thaumatin)).<br \/>\nKleur, textuur en uiterlijk van het product kunnen veranderen als gevolg van seizoensgebonden variaties.\n<\/p>\n<figure><img width=\"700\" height=\"435\" src=\"https:\/\/www.mbeerlage.goedgehost.nl\/wp-content\/uploads\/2022\/01\/mint-1405613_1280-2-700x435-1.jpg\" alt=\"\" loading=\"lazy\" \/><\/figure>\n<h3>Kernpunten van Qenda<\/h3>\n<p>\u2022\tQenda gebruikt nooit kunstmatige smaakstoffen, kleurstoffen, zoetstoffen of conserveringsmiddelen in haar producten.<br \/>\n\u2022\tDe ingredi\u00ebnten van Qenda zijn altijd biologisch, veganistisch, niet-GMO en glutenvrij.<br \/>\n\u2022\tQenda test de ingredi\u00ebnten en producten op veiligheid en gegarandeerd vrij van herbiciden, pesticiden, fungiciden en zware metalen.<br \/>\n\u2022\tAlle Qenda-producten zijn ook vrij van pathogene schimmels, gisten, schimmels en ongewenste bacteri\u00ebn.<br \/>\n\u2022\tAlle Qenda-producten worden vervaardigd in een schone, chemicali\u00ebnvrije, HACCP-gecertificeerde fabriek volgens de hoogste kwaliteit en normen.\n<\/p>\n<p>\t\t\t<a href=\"https:\/\/www.dekeuzevanleefff.com\/c\/ultimate-fibre\" role=\"button\"><br \/>\n\t\t\t\t\t\tUltimate Fibre Kopen? Klik Hier!<br \/>\n\t\t\t\t\t<\/a><\/p>\n<h3>Heb je nog vragen over de Ultimate Fibre?<\/h3>\n<h5>Op de site van\u00a0<a style=\"color: #ccffff;\" href=\"https:\/\/theguthealthhub.com\/pages\/faqs-for-consuming-qenda-ultimate-fibre?fbclid=IwAR1JdzKatLiQYAElbfPMt79jVObKqQEahqmlHN2J_DFFu3ekkQaM2uh77cs\">the gut Health hub <\/a>vind je de antwoorden<\/h5>\n<h2>Wat zeggen anderen over Ultimate Fibre<\/h2>\n<style>\/*! elementor - v3.5.6 - 28-02-2022 *\/\n.elementor-testimonial-wrapper{overflow:hidden;text-align:center}.elementor-testimonial-wrapper .elementor-testimonial-content{font-size:1.3em;margin-bottom:20px}.elementor-testimonial-wrapper .elementor-testimonial-name{line-height:1.5;display:block}.elementor-testimonial-wrapper .elementor-testimonial-job{font-size:.85em;display:block}.elementor-testimonial-wrapper .elementor-testimonial-meta{width:100%;line-height:1}.elementor-testimonial-wrapper .elementor-testimonial-meta-inner{display:inline-block}.elementor-testimonial-wrapper .elementor-testimonial-meta .elementor-testimonial-details,.elementor-testimonial-wrapper .elementor-testimonial-meta .elementor-testimonial-image{display:table-cell;vertical-align:middle}.elementor-testimonial-wrapper .elementor-testimonial-meta .elementor-testimonial-image img{width:60px;height:60px;-webkit-border-radius:50%;border-radius:50%;-o-object-fit:cover;object-fit:cover;max-width:none}.elementor-testimonial-wrapper .elementor-testimonial-meta.elementor-testimonial-image-position-aside .elementor-testimonial-image{padding-right:15px}.elementor-testimonial-wrapper .elementor-testimonial-meta.elementor-testimonial-image-position-aside .elementor-testimonial-details{text-align:left}.elementor-testimonial-wrapper .elementor-testimonial-meta.elementor-testimonial-image-position-top .elementor-testimonial-details,.elementor-testimonial-wrapper .elementor-testimonial-meta.elementor-testimonial-image-position-top .elementor-testimonial-image{display:block}.elementor-testimonial-wrapper .elementor-testimonial-meta.elementor-testimonial-image-position-top .elementor-testimonial-image{margin-bottom:20px}<\/style>\n<p>\t\t\t\t\t\t\tMijn darmen waren echt van slag!<br \/>\nIk ben heel tevreden over de kuur. Ik heb ziekte van Lyme, veel antibiotica kuren gehad dus mijn darmen zijn echt van slag. Door mijn pijnmedicatie van het afgelopen jaar kreeg ik bovendien obstipatie, dit heb ik nooit eerder gehad. Daardoor moest ik weer laxeerpilletjes gebruiken wat ik onprettig vond. Sinds ik de kuur gebruik heb ik deze laxeerpilletjes niet meer nodig, dus dat is heel fijn. Ik merk ook dat mijn darmen minder opgeblazen zijn, mijn ontlasting nu dagelijks en is beter.<br \/>\nIk had eerst de normale versie, die vond ik erg vies, daarna de versie met aardbeismaak wat beter bevalt. In het begon nam ik 2x per dag 2 maatschepjes maar ik merkte dat dat te veel voor me was, zat dan helemaal vol en kon daarna niet goed meer eten. Ik ben toen 1 maatschepje gaan gebruiken wat beter was.<br \/>\nInmiddels doe ik dit 1x per dag.<br \/>\nIk zal het aan anderen ook aanraden! Met groet,<br \/>\n\t\t\t\t\t\t\t\t\t\t\t\t\t\tNicole Hermans<br \/>\n\t\t\t\t\t\t\t\t\t\t\t\t\t\t\t\t\t\t\t\t\t\tAmsterdam, 25 mei 2020<br \/>\n\t\t\t\t\t\t\tNaast dat ik me veel beter voel, ben ik in de afgelopen 4 maanden 18 kilo verloren.<br \/>\nInmiddels 4 maanden geleden begon ik met de ultimate fibre kuur. En wat heeft dit een grote inpakt op mijn leven gehad.<br \/>\nIn het begin was het wel even wennen, vooral de smaakjes. Maar toen ik eenmaal ontdekt had wat voor mij werkte, (De aardbeien variant met twee ijsklontjes in mijn shaker) was het heel goed te doen.<br \/>\nIn het begin merkte ik het vooral in mijn energie. Het werd steeds meer!<br \/>\nDaarna begon het op te vallen dat de &#8220;vage klachten&#8221; die ik had ook minder werden. Denk aan bijvoorbeeld last van zenuwtrekjes of gewrichtspijn, ook dit is over gegaan.<br \/>\nDankzij leefff en de ultimate fibre kuur heb ik nu een gezonde basis. En vooral weer gezonde darmen en dat merk ik elke dag.<br \/>\nNaast dat ik me veel beter voel, ben ik in de afgelopen 4 maanden 18 kilo verloren.<br \/>\nDit was voor mij niet het doel om met de kuur te beginnen, maar toch wel erg fijn!<br \/>\nVoor mij voelt het alsof ik nu een nieuwe start heb. En nu mijn lichaam kan gaan voeden met wat goed is voor mij! En dat is heerlijk!<br \/>\n\t\t\t\t\t\t\t\t\t\t\t\t\t\t<a href=\"https:\/\/www.facebook.com\/kirsten.olejnik\">Kirsten van der Vegt<\/a><br \/>\n\t\t\t\t\t\t\t\t\t\t\t\t\t\t\t\t\t\t\t\t\t\t<a href=\"https:\/\/www.facebook.com\/kirsten.olejnik\">Leeuwarden, 07 oktober 2020<\/a><br \/>\n\t\t\t\t\t\t\tSuper Product!<br \/>\nSinds half februari neem ik deze poeder. En wat een verademing: eindelijk een product dat me helpt om een regelmatige stoelgang te behouden.<br \/>\nNa gebruik voel ik me lichter en gereinigd en heb ik een minder opgeblazen gevoel. Het helpt zeker om je gewicht op peil te houden.<br \/>\nOok mijn rosacea is opgeklaard. Dit heeft enkele weken geduurd, maar ik ben heel erg opgezet met het resultaat. Tot hiertoe was het heel moeilijk om nieuwe uitbraken te voorkomen.<br \/>\nNa een jarenlange zoektocht naar de juiste supplementen (ik heb kasten vol met producten), ben ik enorm opgelucht dat ik dit product tegenkwam. Het is momenteel ook het enige wat ik nog neem.<br \/>\nEen aanrader.<br \/>\n\t\t\t\t\t\t\t\t\t\t\t\t\t\tHeidi<br \/>\n\t\t\t\t\t\t\t\t\t\t\t\t\t\t\t\t\t\t\t\t\t\tAntwerpen, 20-04-2021<\/p>\n","protected":false},"excerpt":{"rendered":"<p>Maak van Qenda Ultimate Fibre de beste vriend van uw lichaam, uw darmen zullen dankbaar zijn Ultimate Fibre is uitermate geschikt bij: Hyper Permeabele darm (lekkende darm) voedsel overgevoeligheden (laaggradige) ontstekingen spijsverteringsproblemen huidproblemen schimmel overgroei (b.v. candida) weinig diepe slaap gebrek aan energie Het Verhaal van James Dit geweldige gezondheidsvoedingsproduct &#8211; Qenda Ultimate Fibre is [&hellip;]<\/p>\n","protected":false},"author":1,"featured_media":0,"parent":0,"menu_order":0,"comment_status":"closed","ping_status":"closed","template":"","meta":[],"_links":{"self":[{"href":"https:\/\/www.mbeerlage.goedgehost.nl\/index.php\/wp-json\/wp\/v2\/pages\/11188756"}],"collection":[{"href":"https:\/\/www.mbeerlage.goedgehost.nl\/index.php\/wp-json\/wp\/v2\/pages"}],"about":[{"href":"https:\/\/www.mbeerlage.goedgehost.nl\/index.php\/wp-json\/wp\/v2\/types\/page"}],"author":[{"embeddable":true,"href":"https:\/\/www.mbeerlage.goedgehost.nl\/index.php\/wp-json\/wp\/v2\/users\/1"}],"replies":[{"embeddable":true,"href":"https:\/\/www.mbeerlage.goedgehost.nl\/index.php\/wp-json\/wp\/v2\/comments?post=11188756"}],"version-history":[{"count":147,"href":"https:\/\/www.mbeerlage.goedgehost.nl\/index.php\/wp-json\/wp\/v2\/pages\/11188756\/revisions"}],"predecessor-version":[{"id":11189106,"href":"https:\/\/www.mbeerlage.goedgehost.nl\/index.php\/wp-json\/wp\/v2\/pages\/11188756\/revisions\/11189106"}],"wp:attachment":[{"href":"https:\/\/www.mbeerlage.goedgehost.nl\/index.php\/wp-json\/wp\/v2\/media?parent=11188756"}],"curies":[{"name":"wp","href":"https:\/\/api.w.org\/{rel}","templated":true}]}}